{"id":1323,"date":"2025-05-15T16:48:00","date_gmt":"2025-05-15T14:48:00","guid":{"rendered":"https:\/\/rc-klimatechnik.myemh.ch\/deshumidification-de-la-cave\/"},"modified":"2025-08-08T08:53:06","modified_gmt":"2025-08-08T06:53:06","slug":"deshumidification-de-la-cave","status":"publish","type":"page","link":"https:\/\/rc-klimatechnik.ch\/fr\/produits\/deshumidification-de-la-cave\/","title":{"rendered":"D\u00e9shumidification de la cave"},"content":{"rendered":"\t\t<div data-elementor-type=\"wp-page\" data-elementor-id=\"1323\" class=\"elementor elementor-1323 elementor-965\" data-elementor-post-type=\"page\">\n\t\t\t\t<div class=\"elementor-element elementor-element-b7ddf82 e-flex e-con-boxed e-con e-parent\" data-id=\"b7ddf82\" data-element_type=\"container\" data-e-type=\"container\" data-settings=\"{&quot;background_background&quot;:&quot;classic&quot;}\">\n\t\t\t\t\t<div class=\"e-con-inner\">\n\t\t\t\t<div class=\"elementor-element elementor-element-886d460 elementor-widget elementor-widget-heading\" data-id=\"886d460\" data-element_type=\"widget\" data-e-type=\"widget\" data-widget_type=\"heading.default\">\n\t\t\t\t<div class=\"elementor-widget-container\">\n\t\t\t\t\t<h1 class=\"elementor-heading-title elementor-size-default\">D\u00e9shumidification de la cave<\/h1>\t\t\t\t<\/div>\n\t\t\t\t<\/div>\n\t\t\t\t\t<\/div>\n\t\t\t\t<\/div>\n\t\t<div class=\"elementor-element elementor-element-9c05262 e-flex e-con-boxed e-con e-parent\" data-id=\"9c05262\" data-element_type=\"container\" data-e-type=\"container\">\n\t\t\t\t\t<div class=\"e-con-inner\">\n\t\t\t\t<div class=\"elementor-element elementor-element-da77138 elementor-widget-divider--view-line elementor-widget elementor-widget-divider\" data-id=\"da77138\" data-element_type=\"widget\" data-e-type=\"widget\" data-widget_type=\"divider.default\">\n\t\t\t\t<div class=\"elementor-widget-container\">\n\t\t\t\t\t\t\t<div class=\"elementor-divider\">\n\t\t\t<span class=\"elementor-divider-separator\">\n\t\t\t\t\t\t<\/span>\n\t\t<\/div>\n\t\t\t\t\t\t<\/div>\n\t\t\t\t<\/div>\n\t\t\t\t\t<\/div>\n\t\t\t\t<\/div>\n\t\t<div class=\"elementor-element elementor-element-c058dfa e-flex e-con-boxed e-con e-parent\" data-id=\"c058dfa\" data-element_type=\"container\" data-e-type=\"container\">\n\t\t\t\t\t<div class=\"e-con-inner\">\n\t\t<div class=\"elementor-element elementor-element-b404c3a e-flex e-con-boxed e-con e-child\" data-id=\"b404c3a\" data-element_type=\"container\" data-e-type=\"container\">\n\t\t\t\t\t<div class=\"e-con-inner\">\n\t\t\t\t<div class=\"elementor-element elementor-element-c10d71a elementor-widget elementor-widget-text-editor\" data-id=\"c10d71a\" data-element_type=\"widget\" data-e-type=\"widget\" data-widget_type=\"text-editor.default\">\n\t\t\t\t<div class=\"elementor-widget-container\">\n\t\t\t\t\t\t\t\t\t<p class=\"p1\">L&rsquo;humidit\u00e9 dans les caves est un probl\u00e8me tr\u00e8s r\u00e9pandu, surtout pendant les mois d&rsquo;\u00e9t\u00e9. Les solutions de ventilation traditionnelles aggravent souvent la situation, car l&rsquo;air chaud et humide p\u00e9n\u00e8tre dans la cave. La solution id\u00e9ale est un d\u00e9shumidificateur de cave RCE avec machine frigorifique int\u00e9gr\u00e9e. Il mesure automatiquement l&rsquo;humidit\u00e9 et d\u00e9cide de lui-m\u00eame s&rsquo;il faut d\u00e9shumidifier avec de l&rsquo;air frais ou recycl\u00e9. De plus, une ventilation quotidienne avec de l&rsquo;air ext\u00e9rieur filtr\u00e9 assure une bonne qualit\u00e9 de l&rsquo;air. La faible teneur en r\u00e9frig\u00e9rant permet d&rsquo;\u00e9viter un contr\u00f4le d&rsquo;\u00e9tanch\u00e9it\u00e9 annuel co\u00fbteux. Le syst\u00e8me est efficace, n\u00e9cessite peu d&rsquo;entretien et r\u00e9duit consid\u00e9rablement les co\u00fbts d&rsquo;exploitation. Ainsi, vos caves restent s\u00e8ches, propres et sans moisissures.<\/p>\t\t\t\t\t\t\t\t<\/div>\n\t\t\t\t<\/div>\n\t\t\t\t\t<\/div>\n\t\t\t\t<\/div>\n\t\t<div class=\"elementor-element elementor-element-50330ec e-flex e-con-boxed e-con e-child\" data-id=\"50330ec\" data-element_type=\"container\" data-e-type=\"container\">\n\t\t\t\t\t<div class=\"e-con-inner\">\n\t\t\t\t<div class=\"elementor-element elementor-element-f566b2a elementor-widget elementor-widget-image\" data-id=\"f566b2a\" data-element_type=\"widget\" data-e-type=\"widget\" data-widget_type=\"image.default\">\n\t\t\t\t<div class=\"elementor-widget-container\">\n\t\t\t\t\t\t\t\t\t\t\t\t\t\t\t<img fetchpriority=\"high\" decoding=\"async\" width=\"800\" height=\"684\" src=\"https:\/\/rc-klimatechnik.ch\/wp-content\/uploads\/2025\/07\/Produkte-_Kellerentfeuchtung-RCE-1024x876.jpeg\" class=\"attachment-large size-large wp-image-1500\" alt=\"\" srcset=\"https:\/\/rc-klimatechnik.ch\/wp-content\/uploads\/2025\/07\/Produkte-_Kellerentfeuchtung-RCE-1024x876.jpeg 1024w, https:\/\/rc-klimatechnik.ch\/wp-content\/uploads\/2025\/07\/Produkte-_Kellerentfeuchtung-RCE-300x257.jpeg 300w, https:\/\/rc-klimatechnik.ch\/wp-content\/uploads\/2025\/07\/Produkte-_Kellerentfeuchtung-RCE-768x657.jpeg 768w, https:\/\/rc-klimatechnik.ch\/wp-content\/uploads\/2025\/07\/Produkte-_Kellerentfeuchtung-RCE.jpeg 1435w\" sizes=\"(max-width: 800px) 100vw, 800px\" \/>\t\t\t\t\t\t\t\t\t\t\t\t\t\t\t<\/div>\n\t\t\t\t<\/div>\n\t\t\t\t\t<\/div>\n\t\t\t\t<\/div>\n\t\t\t\t\t<\/div>\n\t\t\t\t<\/div>\n\t\t<div class=\"elementor-element elementor-element-7ff72b3 e-flex e-con-boxed e-con e-parent\" data-id=\"7ff72b3\" data-element_type=\"container\" data-e-type=\"container\" data-settings=\"{&quot;background_background&quot;:&quot;classic&quot;}\">\n\t\t\t\t\t<div class=\"e-con-inner\">\n\t\t\t\t<div class=\"elementor-element elementor-element-88aba97 elementor-widget-divider--view-line_text trenntitel elementor-widget-divider--element-align-center elementor-widget elementor-widget-divider\" data-id=\"88aba97\" data-element_type=\"widget\" data-e-type=\"widget\" data-widget_type=\"divider.default\">\n\t\t\t\t<div class=\"elementor-widget-container\">\n\t\t\t\t\t\t\t<div class=\"elementor-divider\">\n\t\t\t<span class=\"elementor-divider-separator\">\n\t\t\t\t\t\t\t<h2 class=\"elementor-divider__text elementor-divider__element\">\n\t\t\t\tT\u00e9l\u00e9chargements\t\t\t\t<\/h2>\n\t\t\t\t\t\t<\/span>\n\t\t<\/div>\n\t\t\t\t\t\t<\/div>\n\t\t\t\t<\/div>\n\t\t\t\t<div class=\"elementor-element elementor-element-7699b05 elementor-icon-list--layout-traditional elementor-list-item-link-full_width elementor-widget elementor-widget-icon-list\" data-id=\"7699b05\" data-element_type=\"widget\" data-e-type=\"widget\" data-widget_type=\"icon-list.default\">\n\t\t\t\t<div class=\"elementor-widget-container\">\n\t\t\t\t\t\t\t<ul class=\"elementor-icon-list-items\">\n\t\t\t\t\t\t\t<li class=\"elementor-icon-list-item\">\n\t\t\t\t\t\t\t\t\t\t\t<a href=\"https:\/\/rc-klimatechnik.ch\/wp-content\/uploads\/2025\/08\/Produkte-_Kellerentfeuchtung-RCE.pdf\" target=\"_blank\">\n\n\t\t\t\t\t\t\t\t\t\t\t\t<span class=\"elementor-icon-list-icon\">\n\t\t\t\t\t\t\t<svg aria-hidden=\"true\" class=\"e-font-icon-svg e-fas-file-download\" viewBox=\"0 0 384 512\" xmlns=\"http:\/\/www.w3.org\/2000\/svg\"><path d=\"M224 136V0H24C10.7 0 0 10.7 0 24v464c0 13.3 10.7 24 24 24h336c13.3 0 24-10.7 24-24V160H248c-13.2 0-24-10.8-24-24zm76.45 211.36l-96.42 95.7c-6.65 6.61-17.39 6.61-24.04 0l-96.42-95.7C73.42 337.29 80.54 320 94.82 320H160v-80c0-8.84 7.16-16 16-16h32c8.84 0 16 7.16 16 16v80h65.18c14.28 0 21.4 17.29 11.27 27.36zM377 105L279.1 7c-4.5-4.5-10.6-7-17-7H256v128h128v-6.1c0-6.3-2.5-12.4-7-16.9z\"><\/path><\/svg>\t\t\t\t\t\t<\/span>\n\t\t\t\t\t\t\t\t\t\t<span class=\"elementor-icon-list-text\">Description du produit<\/span>\n\t\t\t\t\t\t\t\t\t\t\t<\/a>\n\t\t\t\t\t\t\t\t\t<\/li>\n\t\t\t\t\t\t\t\t<li class=\"elementor-icon-list-item\">\n\t\t\t\t\t\t\t\t\t\t\t<a href=\"https:\/\/rc-klimatechnik.ch\/wp-content\/uploads\/2025\/05\/funktionsbeschreibung-kellerentfeuchter.pdf\" target=\"_blank\">\n\n\t\t\t\t\t\t\t\t\t\t\t\t<span class=\"elementor-icon-list-icon\">\n\t\t\t\t\t\t\t<svg aria-hidden=\"true\" class=\"e-font-icon-svg e-fas-file-download\" viewBox=\"0 0 384 512\" xmlns=\"http:\/\/www.w3.org\/2000\/svg\"><path d=\"M224 136V0H24C10.7 0 0 10.7 0 24v464c0 13.3 10.7 24 24 24h336c13.3 0 24-10.7 24-24V160H248c-13.2 0-24-10.8-24-24zm76.45 211.36l-96.42 95.7c-6.65 6.61-17.39 6.61-24.04 0l-96.42-95.7C73.42 337.29 80.54 320 94.82 320H160v-80c0-8.84 7.16-16 16-16h32c8.84 0 16 7.16 16 16v80h65.18c14.28 0 21.4 17.29 11.27 27.36zM377 105L279.1 7c-4.5-4.5-10.6-7-17-7H256v128h128v-6.1c0-6.3-2.5-12.4-7-16.9z\"><\/path><\/svg>\t\t\t\t\t\t<\/span>\n\t\t\t\t\t\t\t\t\t\t<span class=\"elementor-icon-list-text\">Description de la fonction<\/span>\n\t\t\t\t\t\t\t\t\t\t\t<\/a>\n\t\t\t\t\t\t\t\t\t<\/li>\n\t\t\t\t\t\t\t\t<li class=\"elementor-icon-list-item\">\n\t\t\t\t\t\t\t\t\t\t\t<a href=\"https:\/\/rc-klimatechnik.ch\/wp-content\/uploads\/2025\/05\/geraetedaten.pdf\" target=\"_blank\">\n\n\t\t\t\t\t\t\t\t\t\t\t\t<span class=\"elementor-icon-list-icon\">\n\t\t\t\t\t\t\t<svg aria-hidden=\"true\" class=\"e-font-icon-svg e-fas-file-download\" viewBox=\"0 0 384 512\" xmlns=\"http:\/\/www.w3.org\/2000\/svg\"><path d=\"M224 136V0H24C10.7 0 0 10.7 0 24v464c0 13.3 10.7 24 24 24h336c13.3 0 24-10.7 24-24V160H248c-13.2 0-24-10.8-24-24zm76.45 211.36l-96.42 95.7c-6.65 6.61-17.39 6.61-24.04 0l-96.42-95.7C73.42 337.29 80.54 320 94.82 320H160v-80c0-8.84 7.16-16 16-16h32c8.84 0 16 7.16 16 16v80h65.18c14.28 0 21.4 17.29 11.27 27.36zM377 105L279.1 7c-4.5-4.5-10.6-7-17-7H256v128h128v-6.1c0-6.3-2.5-12.4-7-16.9z\"><\/path><\/svg>\t\t\t\t\t\t<\/span>\n\t\t\t\t\t\t\t\t\t\t<span class=\"elementor-icon-list-text\">Donn\u00e9es de l'appareil<\/span>\n\t\t\t\t\t\t\t\t\t\t\t<\/a>\n\t\t\t\t\t\t\t\t\t<\/li>\n\t\t\t\t\t\t\t\t<li class=\"elementor-icon-list-item\">\n\t\t\t\t\t\t\t\t\t\t\t<a href=\"https:\/\/rc-klimatechnik.ch\/wp-content\/uploads\/2025\/05\/V500.pdf\" target=\"_blank\">\n\n\t\t\t\t\t\t\t\t\t\t\t\t<span class=\"elementor-icon-list-icon\">\n\t\t\t\t\t\t\t<svg aria-hidden=\"true\" class=\"e-font-icon-svg e-fas-file-download\" viewBox=\"0 0 384 512\" xmlns=\"http:\/\/www.w3.org\/2000\/svg\"><path d=\"M224 136V0H24C10.7 0 0 10.7 0 24v464c0 13.3 10.7 24 24 24h336c13.3 0 24-10.7 24-24V160H248c-13.2 0-24-10.8-24-24zm76.45 211.36l-96.42 95.7c-6.65 6.61-17.39 6.61-24.04 0l-96.42-95.7C73.42 337.29 80.54 320 94.82 320H160v-80c0-8.84 7.16-16 16-16h32c8.84 0 16 7.16 16 16v80h65.18c14.28 0 21.4 17.29 11.27 27.36zM377 105L279.1 7c-4.5-4.5-10.6-7-17-7H256v128h128v-6.1c0-6.3-2.5-12.4-7-16.9z\"><\/path><\/svg>\t\t\t\t\t\t<\/span>\n\t\t\t\t\t\t\t\t\t\t<span class=\"elementor-icon-list-text\">RCE 5<\/span>\n\t\t\t\t\t\t\t\t\t\t\t<\/a>\n\t\t\t\t\t\t\t\t\t<\/li>\n\t\t\t\t\t\t\t\t<li class=\"elementor-icon-list-item\">\n\t\t\t\t\t\t\t\t\t\t\t<a href=\"https:\/\/rc-klimatechnik.ch\/wp-content\/uploads\/2025\/05\/V1300.pdf\" target=\"_blank\">\n\n\t\t\t\t\t\t\t\t\t\t\t\t<span class=\"elementor-icon-list-icon\">\n\t\t\t\t\t\t\t<svg aria-hidden=\"true\" class=\"e-font-icon-svg e-fas-file-download\" viewBox=\"0 0 384 512\" xmlns=\"http:\/\/www.w3.org\/2000\/svg\"><path d=\"M224 136V0H24C10.7 0 0 10.7 0 24v464c0 13.3 10.7 24 24 24h336c13.3 0 24-10.7 24-24V160H248c-13.2 0-24-10.8-24-24zm76.45 211.36l-96.42 95.7c-6.65 6.61-17.39 6.61-24.04 0l-96.42-95.7C73.42 337.29 80.54 320 94.82 320H160v-80c0-8.84 7.16-16 16-16h32c8.84 0 16 7.16 16 16v80h65.18c14.28 0 21.4 17.29 11.27 27.36zM377 105L279.1 7c-4.5-4.5-10.6-7-17-7H256v128h128v-6.1c0-6.3-2.5-12.4-7-16.9z\"><\/path><\/svg>\t\t\t\t\t\t<\/span>\n\t\t\t\t\t\t\t\t\t\t<span class=\"elementor-icon-list-text\">RCE 13<\/span>\n\t\t\t\t\t\t\t\t\t\t\t<\/a>\n\t\t\t\t\t\t\t\t\t<\/li>\n\t\t\t\t\t\t<\/ul>\n\t\t\t\t\t\t<\/div>\n\t\t\t\t<\/div>\n\t\t\t\t\t<\/div>\n\t\t\t\t<\/div>\n\t\t\t\t<\/div>\n\t\t","protected":false},"excerpt":{"rendered":"<p>L&rsquo;humidit\u00e9 dans les caves est un probl\u00e8me tr\u00e8s r\u00e9pandu, surtout pendant les mois d&rsquo;\u00e9t\u00e9. Les solutions de ventilation traditionnelles aggravent souvent la situation, car l&rsquo;air chaud et humide p\u00e9n\u00e8tre dans la cave. La solution id\u00e9ale est un d\u00e9shumidificateur de cave RCE avec machine frigorifique int\u00e9gr\u00e9e. Il mesure automatiquement l&rsquo;humidit\u00e9 et d\u00e9cide de lui-m\u00eame s&rsquo;il faut [&hellip;]<\/p>\n","protected":false},"author":1,"featured_media":0,"parent":1360,"menu_order":1,"comment_status":"closed","ping_status":"closed","template":"","meta":{"_acf_changed":false,"footnotes":""},"class_list":["post-1323","page","type-page","status-publish","hentry"],"acf":[],"yoast_head":"<!-- This site is optimized with the Yoast SEO plugin v27.3 - https:\/\/yoast.com\/product\/yoast-seo-wordpress\/ -->\n<title>D\u00e9shumidification de la cave - RC Klimatechnik<\/title>\n<meta name=\"robots\" content=\"index, follow, max-snippet:-1, max-image-preview:large, max-video-preview:-1\" \/>\n<link rel=\"canonical\" href=\"https:\/\/rc-klimatechnik.ch\/fr\/produits\/deshumidification-de-la-cave\/\" \/>\n<meta property=\"og:locale\" content=\"fr_FR\" \/>\n<meta property=\"og:type\" content=\"article\" \/>\n<meta property=\"og:title\" content=\"D\u00e9shumidification de la cave - RC Klimatechnik\" \/>\n<meta property=\"og:description\" content=\"L&rsquo;humidit\u00e9 dans les caves est un probl\u00e8me tr\u00e8s r\u00e9pandu, surtout pendant les mois d&rsquo;\u00e9t\u00e9. Les solutions de ventilation traditionnelles aggravent souvent la situation, car l&rsquo;air chaud et humide p\u00e9n\u00e8tre dans la cave. La solution id\u00e9ale est un d\u00e9shumidificateur de cave RCE avec machine frigorifique int\u00e9gr\u00e9e. Il mesure automatiquement l&rsquo;humidit\u00e9 et d\u00e9cide de lui-m\u00eame s&rsquo;il faut [&hellip;]\" \/>\n<meta property=\"og:url\" content=\"https:\/\/rc-klimatechnik.ch\/fr\/produits\/deshumidification-de-la-cave\/\" \/>\n<meta property=\"og:site_name\" content=\"RC Klimatechnik\" \/>\n<meta property=\"article:modified_time\" content=\"2025-08-08T06:53:06+00:00\" \/>\n<meta property=\"og:image\" content=\"https:\/\/rc-klimatechnik.ch\/wp-content\/uploads\/2025\/07\/Produkte-_Kellerentfeuchtung-RCE.jpeg\" \/>\n\t<meta property=\"og:image:width\" content=\"1435\" \/>\n\t<meta property=\"og:image:height\" content=\"1227\" \/>\n\t<meta property=\"og:image:type\" content=\"image\/jpeg\" \/>\n<meta name=\"twitter:card\" content=\"summary_large_image\" \/>\n<meta name=\"twitter:label1\" content=\"Dur\u00e9e de lecture estim\u00e9e\" \/>\n\t<meta name=\"twitter:data1\" content=\"1 minute\" \/>\n<script type=\"application\/ld+json\" class=\"yoast-schema-graph\">{\"@context\":\"https:\\\/\\\/schema.org\",\"@graph\":[{\"@type\":\"WebPage\",\"@id\":\"https:\\\/\\\/rc-klimatechnik.ch\\\/fr\\\/produits\\\/deshumidification-de-la-cave\\\/\",\"url\":\"https:\\\/\\\/rc-klimatechnik.ch\\\/fr\\\/produits\\\/deshumidification-de-la-cave\\\/\",\"name\":\"D\u00e9shumidification de la cave - RC Klimatechnik\",\"isPartOf\":{\"@id\":\"https:\\\/\\\/rc-klimatechnik.ch\\\/fr\\\/#website\"},\"primaryImageOfPage\":{\"@id\":\"https:\\\/\\\/rc-klimatechnik.ch\\\/fr\\\/produits\\\/deshumidification-de-la-cave\\\/#primaryimage\"},\"image\":{\"@id\":\"https:\\\/\\\/rc-klimatechnik.ch\\\/fr\\\/produits\\\/deshumidification-de-la-cave\\\/#primaryimage\"},\"thumbnailUrl\":\"https:\\\/\\\/rc-klimatechnik.ch\\\/wp-content\\\/uploads\\\/2025\\\/07\\\/Produkte-_Kellerentfeuchtung-RCE-1024x876.jpeg\",\"datePublished\":\"2025-05-15T14:48:00+00:00\",\"dateModified\":\"2025-08-08T06:53:06+00:00\",\"breadcrumb\":{\"@id\":\"https:\\\/\\\/rc-klimatechnik.ch\\\/fr\\\/produits\\\/deshumidification-de-la-cave\\\/#breadcrumb\"},\"inLanguage\":\"fr-FR\",\"potentialAction\":[{\"@type\":\"ReadAction\",\"target\":[\"https:\\\/\\\/rc-klimatechnik.ch\\\/fr\\\/produits\\\/deshumidification-de-la-cave\\\/\"]}]},{\"@type\":\"ImageObject\",\"inLanguage\":\"fr-FR\",\"@id\":\"https:\\\/\\\/rc-klimatechnik.ch\\\/fr\\\/produits\\\/deshumidification-de-la-cave\\\/#primaryimage\",\"url\":\"https:\\\/\\\/rc-klimatechnik.ch\\\/wp-content\\\/uploads\\\/2025\\\/07\\\/Produkte-_Kellerentfeuchtung-RCE-1024x876.jpeg\",\"contentUrl\":\"https:\\\/\\\/rc-klimatechnik.ch\\\/wp-content\\\/uploads\\\/2025\\\/07\\\/Produkte-_Kellerentfeuchtung-RCE-1024x876.jpeg\"},{\"@type\":\"BreadcrumbList\",\"@id\":\"https:\\\/\\\/rc-klimatechnik.ch\\\/fr\\\/produits\\\/deshumidification-de-la-cave\\\/#breadcrumb\",\"itemListElement\":[{\"@type\":\"ListItem\",\"position\":1,\"name\":\"Startseite\",\"item\":\"https:\\\/\\\/rc-klimatechnik.ch\\\/fr\\\/page-daccueil\\\/\"},{\"@type\":\"ListItem\",\"position\":2,\"name\":\"Produits\",\"item\":\"https:\\\/\\\/rc-klimatechnik.ch\\\/fr\\\/produits\\\/\"},{\"@type\":\"ListItem\",\"position\":3,\"name\":\"D\u00e9shumidification de la cave\"}]},{\"@type\":\"WebSite\",\"@id\":\"https:\\\/\\\/rc-klimatechnik.ch\\\/fr\\\/#website\",\"url\":\"https:\\\/\\\/rc-klimatechnik.ch\\\/fr\\\/\",\"name\":\"RC Klimatechnik\",\"description\":\"\",\"publisher\":{\"@id\":\"https:\\\/\\\/rc-klimatechnik.ch\\\/fr\\\/#organization\"},\"alternateName\":\"Engineering ohne Kompromisse\",\"potentialAction\":[{\"@type\":\"SearchAction\",\"target\":{\"@type\":\"EntryPoint\",\"urlTemplate\":\"https:\\\/\\\/rc-klimatechnik.ch\\\/fr\\\/?s={search_term_string}\"},\"query-input\":{\"@type\":\"PropertyValueSpecification\",\"valueRequired\":true,\"valueName\":\"search_term_string\"}}],\"inLanguage\":\"fr-FR\"},{\"@type\":\"Organization\",\"@id\":\"https:\\\/\\\/rc-klimatechnik.ch\\\/fr\\\/#organization\",\"name\":\"RC Klimatechnik\",\"alternateName\":\"Engineering ohne Kompromisse\",\"url\":\"https:\\\/\\\/rc-klimatechnik.ch\\\/fr\\\/\",\"logo\":{\"@type\":\"ImageObject\",\"inLanguage\":\"fr-FR\",\"@id\":\"https:\\\/\\\/rc-klimatechnik.ch\\\/fr\\\/#\\\/schema\\\/logo\\\/image\\\/\",\"url\":\"https:\\\/\\\/rc-klimatechnik.ch\\\/wp-content\\\/uploads\\\/2025\\\/08\\\/RC_Klimatechnik_SA.png\",\"contentUrl\":\"https:\\\/\\\/rc-klimatechnik.ch\\\/wp-content\\\/uploads\\\/2025\\\/08\\\/RC_Klimatechnik_SA.png\",\"width\":999,\"height\":184,\"caption\":\"RC Klimatechnik\"},\"image\":{\"@id\":\"https:\\\/\\\/rc-klimatechnik.ch\\\/fr\\\/#\\\/schema\\\/logo\\\/image\\\/\"}}]}<\/script>\n<!-- \/ Yoast SEO plugin. -->","yoast_head_json":{"title":"D\u00e9shumidification de la cave - RC Klimatechnik","robots":{"index":"index","follow":"follow","max-snippet":"max-snippet:-1","max-image-preview":"max-image-preview:large","max-video-preview":"max-video-preview:-1"},"canonical":"https:\/\/rc-klimatechnik.ch\/fr\/produits\/deshumidification-de-la-cave\/","og_locale":"fr_FR","og_type":"article","og_title":"D\u00e9shumidification de la cave - RC Klimatechnik","og_description":"L&rsquo;humidit\u00e9 dans les caves est un probl\u00e8me tr\u00e8s r\u00e9pandu, surtout pendant les mois d&rsquo;\u00e9t\u00e9. Les solutions de ventilation traditionnelles aggravent souvent la situation, car l&rsquo;air chaud et humide p\u00e9n\u00e8tre dans la cave. La solution id\u00e9ale est un d\u00e9shumidificateur de cave RCE avec machine frigorifique int\u00e9gr\u00e9e. Il mesure automatiquement l&rsquo;humidit\u00e9 et d\u00e9cide de lui-m\u00eame s&rsquo;il faut [&hellip;]","og_url":"https:\/\/rc-klimatechnik.ch\/fr\/produits\/deshumidification-de-la-cave\/","og_site_name":"RC Klimatechnik","article_modified_time":"2025-08-08T06:53:06+00:00","og_image":[{"width":1435,"height":1227,"url":"https:\/\/rc-klimatechnik.ch\/wp-content\/uploads\/2025\/07\/Produkte-_Kellerentfeuchtung-RCE.jpeg","type":"image\/jpeg"}],"twitter_card":"summary_large_image","twitter_misc":{"Dur\u00e9e de lecture estim\u00e9e":"1 minute"},"schema":{"@context":"https:\/\/schema.org","@graph":[{"@type":"WebPage","@id":"https:\/\/rc-klimatechnik.ch\/fr\/produits\/deshumidification-de-la-cave\/","url":"https:\/\/rc-klimatechnik.ch\/fr\/produits\/deshumidification-de-la-cave\/","name":"D\u00e9shumidification de la cave - RC Klimatechnik","isPartOf":{"@id":"https:\/\/rc-klimatechnik.ch\/fr\/#website"},"primaryImageOfPage":{"@id":"https:\/\/rc-klimatechnik.ch\/fr\/produits\/deshumidification-de-la-cave\/#primaryimage"},"image":{"@id":"https:\/\/rc-klimatechnik.ch\/fr\/produits\/deshumidification-de-la-cave\/#primaryimage"},"thumbnailUrl":"https:\/\/rc-klimatechnik.ch\/wp-content\/uploads\/2025\/07\/Produkte-_Kellerentfeuchtung-RCE-1024x876.jpeg","datePublished":"2025-05-15T14:48:00+00:00","dateModified":"2025-08-08T06:53:06+00:00","breadcrumb":{"@id":"https:\/\/rc-klimatechnik.ch\/fr\/produits\/deshumidification-de-la-cave\/#breadcrumb"},"inLanguage":"fr-FR","potentialAction":[{"@type":"ReadAction","target":["https:\/\/rc-klimatechnik.ch\/fr\/produits\/deshumidification-de-la-cave\/"]}]},{"@type":"ImageObject","inLanguage":"fr-FR","@id":"https:\/\/rc-klimatechnik.ch\/fr\/produits\/deshumidification-de-la-cave\/#primaryimage","url":"https:\/\/rc-klimatechnik.ch\/wp-content\/uploads\/2025\/07\/Produkte-_Kellerentfeuchtung-RCE-1024x876.jpeg","contentUrl":"https:\/\/rc-klimatechnik.ch\/wp-content\/uploads\/2025\/07\/Produkte-_Kellerentfeuchtung-RCE-1024x876.jpeg"},{"@type":"BreadcrumbList","@id":"https:\/\/rc-klimatechnik.ch\/fr\/produits\/deshumidification-de-la-cave\/#breadcrumb","itemListElement":[{"@type":"ListItem","position":1,"name":"Startseite","item":"https:\/\/rc-klimatechnik.ch\/fr\/page-daccueil\/"},{"@type":"ListItem","position":2,"name":"Produits","item":"https:\/\/rc-klimatechnik.ch\/fr\/produits\/"},{"@type":"ListItem","position":3,"name":"D\u00e9shumidification de la cave"}]},{"@type":"WebSite","@id":"https:\/\/rc-klimatechnik.ch\/fr\/#website","url":"https:\/\/rc-klimatechnik.ch\/fr\/","name":"RC Klimatechnik","description":"","publisher":{"@id":"https:\/\/rc-klimatechnik.ch\/fr\/#organization"},"alternateName":"Engineering ohne Kompromisse","potentialAction":[{"@type":"SearchAction","target":{"@type":"EntryPoint","urlTemplate":"https:\/\/rc-klimatechnik.ch\/fr\/?s={search_term_string}"},"query-input":{"@type":"PropertyValueSpecification","valueRequired":true,"valueName":"search_term_string"}}],"inLanguage":"fr-FR"},{"@type":"Organization","@id":"https:\/\/rc-klimatechnik.ch\/fr\/#organization","name":"RC Klimatechnik","alternateName":"Engineering ohne Kompromisse","url":"https:\/\/rc-klimatechnik.ch\/fr\/","logo":{"@type":"ImageObject","inLanguage":"fr-FR","@id":"https:\/\/rc-klimatechnik.ch\/fr\/#\/schema\/logo\/image\/","url":"https:\/\/rc-klimatechnik.ch\/wp-content\/uploads\/2025\/08\/RC_Klimatechnik_SA.png","contentUrl":"https:\/\/rc-klimatechnik.ch\/wp-content\/uploads\/2025\/08\/RC_Klimatechnik_SA.png","width":999,"height":184,"caption":"RC Klimatechnik"},"image":{"@id":"https:\/\/rc-klimatechnik.ch\/fr\/#\/schema\/logo\/image\/"}}]}},"_links":{"self":[{"href":"https:\/\/rc-klimatechnik.ch\/fr\/wp-json\/wp\/v2\/pages\/1323","targetHints":{"allow":["GET"]}}],"collection":[{"href":"https:\/\/rc-klimatechnik.ch\/fr\/wp-json\/wp\/v2\/pages"}],"about":[{"href":"https:\/\/rc-klimatechnik.ch\/fr\/wp-json\/wp\/v2\/types\/page"}],"author":[{"embeddable":true,"href":"https:\/\/rc-klimatechnik.ch\/fr\/wp-json\/wp\/v2\/users\/1"}],"replies":[{"embeddable":true,"href":"https:\/\/rc-klimatechnik.ch\/fr\/wp-json\/wp\/v2\/comments?post=1323"}],"version-history":[{"count":4,"href":"https:\/\/rc-klimatechnik.ch\/fr\/wp-json\/wp\/v2\/pages\/1323\/revisions"}],"predecessor-version":[{"id":2016,"href":"https:\/\/rc-klimatechnik.ch\/fr\/wp-json\/wp\/v2\/pages\/1323\/revisions\/2016"}],"up":[{"embeddable":true,"href":"https:\/\/rc-klimatechnik.ch\/fr\/wp-json\/wp\/v2\/pages\/1360"}],"wp:attachment":[{"href":"https:\/\/rc-klimatechnik.ch\/fr\/wp-json\/wp\/v2\/media?parent=1323"}],"curies":[{"name":"wp","href":"https:\/\/api.w.org\/{rel}","templated":true}]}}