{"id":1330,"date":"2025-05-16T13:30:46","date_gmt":"2025-05-16T11:30:46","guid":{"rendered":"https:\/\/rc-klimatechnik.myemh.ch\/mentions-legales\/"},"modified":"2025-08-08T08:49:02","modified_gmt":"2025-08-08T06:49:02","slug":"mentions-legales","status":"publish","type":"page","link":"https:\/\/rc-klimatechnik.ch\/fr\/mentions-legales\/","title":{"rendered":"Mentions l\u00e9gales"},"content":{"rendered":"\t\t<div data-elementor-type=\"wp-page\" data-elementor-id=\"1330\" class=\"elementor elementor-1330 elementor-1008\" data-elementor-post-type=\"page\">\n\t\t\t\t<div class=\"elementor-element elementor-element-461f14b e-flex e-con-boxed e-con e-parent\" data-id=\"461f14b\" data-element_type=\"container\" data-e-type=\"container\" data-settings=\"{&quot;background_background&quot;:&quot;classic&quot;}\">\n\t\t\t\t\t<div class=\"e-con-inner\">\n\t\t\t\t<div class=\"elementor-element elementor-element-7e90541 elementor-widget elementor-widget-heading\" data-id=\"7e90541\" data-element_type=\"widget\" data-e-type=\"widget\" data-widget_type=\"heading.default\">\n\t\t\t\t<div class=\"elementor-widget-container\">\n\t\t\t\t\t<h1 class=\"elementor-heading-title elementor-size-default\">Mentions l\u00e9gales<\/h1>\t\t\t\t<\/div>\n\t\t\t\t<\/div>\n\t\t\t\t\t<\/div>\n\t\t\t\t<\/div>\n\t\t<div class=\"elementor-element elementor-element-58fd0f1 e-flex e-con-boxed e-con e-parent\" data-id=\"58fd0f1\" data-element_type=\"container\" data-e-type=\"container\">\n\t\t\t\t\t<div class=\"e-con-inner\">\n\t\t\t\t<div class=\"elementor-element elementor-element-7ced62e elementor-widget-divider--view-line elementor-widget elementor-widget-divider\" data-id=\"7ced62e\" data-element_type=\"widget\" data-e-type=\"widget\" data-widget_type=\"divider.default\">\n\t\t\t\t<div class=\"elementor-widget-container\">\n\t\t\t\t\t\t\t<div class=\"elementor-divider\">\n\t\t\t<span class=\"elementor-divider-separator\">\n\t\t\t\t\t\t<\/span>\n\t\t<\/div>\n\t\t\t\t\t\t<\/div>\n\t\t\t\t<\/div>\n\t\t\t\t\t<\/div>\n\t\t\t\t<\/div>\n\t\t<div class=\"elementor-element elementor-element-2f0decf e-flex e-con-boxed e-con e-parent\" data-id=\"2f0decf\" data-element_type=\"container\" data-e-type=\"container\">\n\t\t\t\t\t<div class=\"e-con-inner\">\n\t\t<div class=\"elementor-element elementor-element-6c532b7 e-con-full e-flex e-con e-child\" data-id=\"6c532b7\" data-element_type=\"container\" data-e-type=\"container\">\n\t\t\t\t<div class=\"elementor-element elementor-element-de205c9 elementor-widget elementor-widget-text-editor\" data-id=\"de205c9\" data-element_type=\"widget\" data-e-type=\"widget\" data-widget_type=\"text-editor.default\">\n\t\t\t\t<div class=\"elementor-widget-container\">\n\t\t\t\t\t\t\t\t\t<p><strong>Adresse de la soci\u00e9t\u00e9<\/strong><\/p><p>RC Klimatechnik AG<br>Mitteldorfstrasse 58<br>5033 Buchs AG<\/p><p><a href=\"tel:+41628382828\">062 838 28 28<\/a><br><a href=\"mailto:info@rc-klimatechnik.ch\">info@rc-klimatechnik.ch<\/a><\/p><p>N\u00b0 d&rsquo;entreprise \/ UID : CHE-104.834.128<br>Personne habilit\u00e9e \u00e0 repr\u00e9senter l&rsquo;entreprise : Mettler Roger <\/p>\t\t\t\t\t\t\t\t<\/div>\n\t\t\t\t<\/div>\n\t\t\t\t<\/div>\n\t\t<div class=\"elementor-element elementor-element-37fae0e e-con-full e-flex e-con e-child\" data-id=\"37fae0e\" data-element_type=\"container\" data-e-type=\"container\">\n\t\t\t\t<div class=\"elementor-element elementor-element-60feeb1 elementor-widget elementor-widget-text-editor\" data-id=\"60feeb1\" data-element_type=\"widget\" data-e-type=\"widget\" data-widget_type=\"text-editor.default\">\n\t\t\t\t<div class=\"elementor-widget-container\">\n\t\t\t\t\t\t\t\t\t<p><strong>Conception et programmation<\/strong><\/p><p>Entlebucher Medienhaus AG<br>Vorm\u00fcli 2<br>6170 Sch\u00fcpfheim<\/p><p><a href=\"tel:+41414858585\">041 485 85 85<\/a><br><a href=\"mailto:info@e-medienhaus.ch\">info@e-medienhaus.ch<\/a><\/p><p><a href=\"http:\/\/entlebucher-medienhaus.ch\/\" target=\"_blank\" rel=\"noopener noreferrer nofollow\">entlebucher-medienhaus.ch<\/a><\/p>\t\t\t\t\t\t\t\t<\/div>\n\t\t\t\t<\/div>\n\t\t\t\t<\/div>\n\t\t\t\t\t<\/div>\n\t\t\t\t<\/div>\n\t\t\t\t<\/div>\n\t\t","protected":false},"excerpt":{"rendered":"<p>Adresse de la soci\u00e9t\u00e9 RC Klimatechnik AGMitteldorfstrasse 585033 Buchs AG 062 838 28 28info@rc-klimatechnik.ch N\u00b0 d&rsquo;entreprise \/ UID : CHE-104.834.128Personne habilit\u00e9e \u00e0 repr\u00e9senter l&rsquo;entreprise : Mettler Roger Conception et programmation Entlebucher Medienhaus AGVorm\u00fcli 26170 Sch\u00fcpfheim 041 485 85 85info@e-medienhaus.ch entlebucher-medienhaus.ch<\/p>\n","protected":false},"author":1,"featured_media":0,"parent":0,"menu_order":6,"comment_status":"closed","ping_status":"closed","template":"","meta":{"_acf_changed":false,"footnotes":""},"class_list":["post-1330","page","type-page","status-publish","hentry"],"acf":[],"yoast_head":"<!-- This site is optimized with the Yoast SEO plugin v27.3 - https:\/\/yoast.com\/product\/yoast-seo-wordpress\/ -->\n<title>Mentions l\u00e9gales - RC Klimatechnik<\/title>\n<meta name=\"robots\" content=\"index, follow, max-snippet:-1, max-image-preview:large, max-video-preview:-1\" \/>\n<link rel=\"canonical\" href=\"https:\/\/rc-klimatechnik.ch\/fr\/mentions-legales\/\" \/>\n<meta property=\"og:locale\" content=\"fr_FR\" \/>\n<meta property=\"og:type\" content=\"article\" \/>\n<meta property=\"og:title\" content=\"Mentions l\u00e9gales - RC Klimatechnik\" \/>\n<meta property=\"og:description\" content=\"Adresse de la soci\u00e9t\u00e9 RC Klimatechnik AGMitteldorfstrasse 585033 Buchs AG 062 838 28 28info@rc-klimatechnik.ch N\u00b0 d&rsquo;entreprise \/ UID : CHE-104.834.128Personne habilit\u00e9e \u00e0 repr\u00e9senter l&rsquo;entreprise : Mettler Roger Conception et programmation Entlebucher Medienhaus AGVorm\u00fcli 26170 Sch\u00fcpfheim 041 485 85 85info@e-medienhaus.ch entlebucher-medienhaus.ch\" \/>\n<meta property=\"og:url\" content=\"https:\/\/rc-klimatechnik.ch\/fr\/mentions-legales\/\" \/>\n<meta property=\"og:site_name\" content=\"RC Klimatechnik\" \/>\n<meta property=\"article:modified_time\" content=\"2025-08-08T06:49:02+00:00\" \/>\n<meta property=\"og:image\" content=\"https:\/\/rc-klimatechnik.ch\/wp-content\/uploads\/2024\/01\/RC_Klimatechnik_AG.png\" \/>\n\t<meta property=\"og:image:width\" content=\"1997\" \/>\n\t<meta property=\"og:image:height\" content=\"365\" \/>\n\t<meta property=\"og:image:type\" content=\"image\/png\" \/>\n<meta name=\"twitter:card\" content=\"summary_large_image\" \/>\n<script type=\"application\/ld+json\" class=\"yoast-schema-graph\">{\"@context\":\"https:\\\/\\\/schema.org\",\"@graph\":[{\"@type\":\"WebPage\",\"@id\":\"https:\\\/\\\/rc-klimatechnik.ch\\\/fr\\\/mentions-legales\\\/\",\"url\":\"https:\\\/\\\/rc-klimatechnik.ch\\\/fr\\\/mentions-legales\\\/\",\"name\":\"Mentions l\u00e9gales - RC Klimatechnik\",\"isPartOf\":{\"@id\":\"https:\\\/\\\/rc-klimatechnik.ch\\\/fr\\\/#website\"},\"datePublished\":\"2025-05-16T11:30:46+00:00\",\"dateModified\":\"2025-08-08T06:49:02+00:00\",\"breadcrumb\":{\"@id\":\"https:\\\/\\\/rc-klimatechnik.ch\\\/fr\\\/mentions-legales\\\/#breadcrumb\"},\"inLanguage\":\"fr-FR\",\"potentialAction\":[{\"@type\":\"ReadAction\",\"target\":[\"https:\\\/\\\/rc-klimatechnik.ch\\\/fr\\\/mentions-legales\\\/\"]}]},{\"@type\":\"BreadcrumbList\",\"@id\":\"https:\\\/\\\/rc-klimatechnik.ch\\\/fr\\\/mentions-legales\\\/#breadcrumb\",\"itemListElement\":[{\"@type\":\"ListItem\",\"position\":1,\"name\":\"Startseite\",\"item\":\"https:\\\/\\\/rc-klimatechnik.ch\\\/fr\\\/page-daccueil\\\/\"},{\"@type\":\"ListItem\",\"position\":2,\"name\":\"Mentions l\u00e9gales\"}]},{\"@type\":\"WebSite\",\"@id\":\"https:\\\/\\\/rc-klimatechnik.ch\\\/fr\\\/#website\",\"url\":\"https:\\\/\\\/rc-klimatechnik.ch\\\/fr\\\/\",\"name\":\"RC Klimatechnik\",\"description\":\"\",\"publisher\":{\"@id\":\"https:\\\/\\\/rc-klimatechnik.ch\\\/fr\\\/#organization\"},\"alternateName\":\"Engineering ohne Kompromisse\",\"potentialAction\":[{\"@type\":\"SearchAction\",\"target\":{\"@type\":\"EntryPoint\",\"urlTemplate\":\"https:\\\/\\\/rc-klimatechnik.ch\\\/fr\\\/?s={search_term_string}\"},\"query-input\":{\"@type\":\"PropertyValueSpecification\",\"valueRequired\":true,\"valueName\":\"search_term_string\"}}],\"inLanguage\":\"fr-FR\"},{\"@type\":\"Organization\",\"@id\":\"https:\\\/\\\/rc-klimatechnik.ch\\\/fr\\\/#organization\",\"name\":\"RC Klimatechnik\",\"alternateName\":\"Engineering ohne Kompromisse\",\"url\":\"https:\\\/\\\/rc-klimatechnik.ch\\\/fr\\\/\",\"logo\":{\"@type\":\"ImageObject\",\"inLanguage\":\"fr-FR\",\"@id\":\"https:\\\/\\\/rc-klimatechnik.ch\\\/fr\\\/#\\\/schema\\\/logo\\\/image\\\/\",\"url\":\"https:\\\/\\\/rc-klimatechnik.ch\\\/wp-content\\\/uploads\\\/2025\\\/08\\\/RC_Klimatechnik_SA.png\",\"contentUrl\":\"https:\\\/\\\/rc-klimatechnik.ch\\\/wp-content\\\/uploads\\\/2025\\\/08\\\/RC_Klimatechnik_SA.png\",\"width\":999,\"height\":184,\"caption\":\"RC Klimatechnik\"},\"image\":{\"@id\":\"https:\\\/\\\/rc-klimatechnik.ch\\\/fr\\\/#\\\/schema\\\/logo\\\/image\\\/\"}}]}<\/script>\n<!-- \/ Yoast SEO plugin. -->","yoast_head_json":{"title":"Mentions l\u00e9gales - RC Klimatechnik","robots":{"index":"index","follow":"follow","max-snippet":"max-snippet:-1","max-image-preview":"max-image-preview:large","max-video-preview":"max-video-preview:-1"},"canonical":"https:\/\/rc-klimatechnik.ch\/fr\/mentions-legales\/","og_locale":"fr_FR","og_type":"article","og_title":"Mentions l\u00e9gales - RC Klimatechnik","og_description":"Adresse de la soci\u00e9t\u00e9 RC Klimatechnik AGMitteldorfstrasse 585033 Buchs AG 062 838 28 28info@rc-klimatechnik.ch N\u00b0 d&rsquo;entreprise \/ UID : CHE-104.834.128Personne habilit\u00e9e \u00e0 repr\u00e9senter l&rsquo;entreprise : Mettler Roger Conception et programmation Entlebucher Medienhaus AGVorm\u00fcli 26170 Sch\u00fcpfheim 041 485 85 85info@e-medienhaus.ch entlebucher-medienhaus.ch","og_url":"https:\/\/rc-klimatechnik.ch\/fr\/mentions-legales\/","og_site_name":"RC Klimatechnik","article_modified_time":"2025-08-08T06:49:02+00:00","og_image":[{"width":1997,"height":365,"url":"https:\/\/rc-klimatechnik.ch\/wp-content\/uploads\/2024\/01\/RC_Klimatechnik_AG.png","type":"image\/png"}],"twitter_card":"summary_large_image","schema":{"@context":"https:\/\/schema.org","@graph":[{"@type":"WebPage","@id":"https:\/\/rc-klimatechnik.ch\/fr\/mentions-legales\/","url":"https:\/\/rc-klimatechnik.ch\/fr\/mentions-legales\/","name":"Mentions l\u00e9gales - RC Klimatechnik","isPartOf":{"@id":"https:\/\/rc-klimatechnik.ch\/fr\/#website"},"datePublished":"2025-05-16T11:30:46+00:00","dateModified":"2025-08-08T06:49:02+00:00","breadcrumb":{"@id":"https:\/\/rc-klimatechnik.ch\/fr\/mentions-legales\/#breadcrumb"},"inLanguage":"fr-FR","potentialAction":[{"@type":"ReadAction","target":["https:\/\/rc-klimatechnik.ch\/fr\/mentions-legales\/"]}]},{"@type":"BreadcrumbList","@id":"https:\/\/rc-klimatechnik.ch\/fr\/mentions-legales\/#breadcrumb","itemListElement":[{"@type":"ListItem","position":1,"name":"Startseite","item":"https:\/\/rc-klimatechnik.ch\/fr\/page-daccueil\/"},{"@type":"ListItem","position":2,"name":"Mentions l\u00e9gales"}]},{"@type":"WebSite","@id":"https:\/\/rc-klimatechnik.ch\/fr\/#website","url":"https:\/\/rc-klimatechnik.ch\/fr\/","name":"RC Klimatechnik","description":"","publisher":{"@id":"https:\/\/rc-klimatechnik.ch\/fr\/#organization"},"alternateName":"Engineering ohne Kompromisse","potentialAction":[{"@type":"SearchAction","target":{"@type":"EntryPoint","urlTemplate":"https:\/\/rc-klimatechnik.ch\/fr\/?s={search_term_string}"},"query-input":{"@type":"PropertyValueSpecification","valueRequired":true,"valueName":"search_term_string"}}],"inLanguage":"fr-FR"},{"@type":"Organization","@id":"https:\/\/rc-klimatechnik.ch\/fr\/#organization","name":"RC Klimatechnik","alternateName":"Engineering ohne Kompromisse","url":"https:\/\/rc-klimatechnik.ch\/fr\/","logo":{"@type":"ImageObject","inLanguage":"fr-FR","@id":"https:\/\/rc-klimatechnik.ch\/fr\/#\/schema\/logo\/image\/","url":"https:\/\/rc-klimatechnik.ch\/wp-content\/uploads\/2025\/08\/RC_Klimatechnik_SA.png","contentUrl":"https:\/\/rc-klimatechnik.ch\/wp-content\/uploads\/2025\/08\/RC_Klimatechnik_SA.png","width":999,"height":184,"caption":"RC Klimatechnik"},"image":{"@id":"https:\/\/rc-klimatechnik.ch\/fr\/#\/schema\/logo\/image\/"}}]}},"_links":{"self":[{"href":"https:\/\/rc-klimatechnik.ch\/fr\/wp-json\/wp\/v2\/pages\/1330","targetHints":{"allow":["GET"]}}],"collection":[{"href":"https:\/\/rc-klimatechnik.ch\/fr\/wp-json\/wp\/v2\/pages"}],"about":[{"href":"https:\/\/rc-klimatechnik.ch\/fr\/wp-json\/wp\/v2\/types\/page"}],"author":[{"embeddable":true,"href":"https:\/\/rc-klimatechnik.ch\/fr\/wp-json\/wp\/v2\/users\/1"}],"replies":[{"embeddable":true,"href":"https:\/\/rc-klimatechnik.ch\/fr\/wp-json\/wp\/v2\/comments?post=1330"}],"version-history":[{"count":4,"href":"https:\/\/rc-klimatechnik.ch\/fr\/wp-json\/wp\/v2\/pages\/1330\/revisions"}],"predecessor-version":[{"id":1965,"href":"https:\/\/rc-klimatechnik.ch\/fr\/wp-json\/wp\/v2\/pages\/1330\/revisions\/1965"}],"wp:attachment":[{"href":"https:\/\/rc-klimatechnik.ch\/fr\/wp-json\/wp\/v2\/media?parent=1330"}],"curies":[{"name":"wp","href":"https:\/\/api.w.org\/{rel}","templated":true}]}}