{"id":1336,"date":"2025-05-16T13:36:49","date_gmt":"2025-05-16T11:36:49","guid":{"rendered":"https:\/\/rc-klimatechnik.myemh.ch\/service\/"},"modified":"2025-08-08T08:50:58","modified_gmt":"2025-08-08T06:50:58","slug":"service","status":"publish","type":"page","link":"https:\/\/rc-klimatechnik.ch\/fr\/service\/","title":{"rendered":"Service \u00e0 la client\u00e8le"},"content":{"rendered":"\t\t<div data-elementor-type=\"wp-page\" data-elementor-id=\"1336\" class=\"elementor elementor-1336 elementor-1014\" data-elementor-post-type=\"page\">\n\t\t\t\t<div class=\"elementor-element elementor-element-b7ddf82 e-flex e-con-boxed e-con e-parent\" data-id=\"b7ddf82\" data-element_type=\"container\" data-e-type=\"container\" data-settings=\"{&quot;background_background&quot;:&quot;classic&quot;}\">\n\t\t\t\t\t<div class=\"e-con-inner\">\n\t\t\t\t<div class=\"elementor-element elementor-element-886d460 elementor-widget elementor-widget-heading\" data-id=\"886d460\" data-element_type=\"widget\" data-e-type=\"widget\" data-widget_type=\"heading.default\">\n\t\t\t\t<div class=\"elementor-widget-container\">\n\t\t\t\t\t<h1 class=\"elementor-heading-title elementor-size-default\">Service \u00e0 la client\u00e8le<\/h1>\t\t\t\t<\/div>\n\t\t\t\t<\/div>\n\t\t\t\t<div class=\"elementor-element elementor-element-66fbbb1 elementor-widget elementor-widget-text-editor\" data-id=\"66fbbb1\" data-element_type=\"widget\" data-e-type=\"widget\" data-widget_type=\"text-editor.default\">\n\t\t\t\t<div class=\"elementor-widget-container\">\n\t\t\t\t\t\t\t\t\t<p>Nous laissons en fait ce soin \u00e0 nos clients (installateurs de ventilation).<br>Notre personnel de service est toutefois \u00e0 votre disposition pour les travaux de garantie ou les cas sp\u00e9ciaux.<\/p>\t\t\t\t\t\t\t\t<\/div>\n\t\t\t\t<\/div>\n\t\t\t\t\t<\/div>\n\t\t\t\t<\/div>\n\t\t<div class=\"elementor-element elementor-element-9c05262 e-flex e-con-boxed e-con e-parent\" data-id=\"9c05262\" data-element_type=\"container\" data-e-type=\"container\">\n\t\t\t\t\t<div class=\"e-con-inner\">\n\t\t\t\t<div class=\"elementor-element elementor-element-da77138 elementor-widget-divider--view-line elementor-widget elementor-widget-divider\" data-id=\"da77138\" data-element_type=\"widget\" data-e-type=\"widget\" data-widget_type=\"divider.default\">\n\t\t\t\t<div class=\"elementor-widget-container\">\n\t\t\t\t\t\t\t<div class=\"elementor-divider\">\n\t\t\t<span class=\"elementor-divider-separator\">\n\t\t\t\t\t\t<\/span>\n\t\t<\/div>\n\t\t\t\t\t\t<\/div>\n\t\t\t\t<\/div>\n\t\t\t\t\t<\/div>\n\t\t\t\t<\/div>\n\t\t<div class=\"elementor-element elementor-element-f74fbe8 e-flex e-con-boxed e-con e-parent\" data-id=\"f74fbe8\" data-element_type=\"container\" data-e-type=\"container\" id=\"montage\">\n\t\t\t\t\t<div class=\"e-con-inner\">\n\t\t<div class=\"elementor-element elementor-element-67a5ddf e-flex e-con-boxed e-con e-child\" data-id=\"67a5ddf\" data-element_type=\"container\" data-e-type=\"container\">\n\t\t\t\t\t<div class=\"e-con-inner\">\n\t\t\t\t<div class=\"elementor-element elementor-element-89dd7c3 elementor-widget elementor-widget-heading\" data-id=\"89dd7c3\" data-element_type=\"widget\" data-e-type=\"widget\" data-widget_type=\"heading.default\">\n\t\t\t\t<div class=\"elementor-widget-container\">\n\t\t\t\t\t<h2 class=\"elementor-heading-title elementor-size-default\">Montage<\/h2>\t\t\t\t<\/div>\n\t\t\t\t<\/div>\n\t\t\t\t<div class=\"elementor-element elementor-element-a5c25e1 elementor-widget elementor-widget-text-editor\" data-id=\"a5c25e1\" data-element_type=\"widget\" data-e-type=\"widget\" data-widget_type=\"text-editor.default\">\n\t\t\t\t<div class=\"elementor-widget-container\">\n\t\t\t\t\t\t\t\t\t<p>Nos prestations ne comprennent pas seulement la planification et la vente, mais aussi le montage professionnel de nos produits. Gr\u00e2ce \u00e0 une technique intelligente et \u00e0 une construction bien pens\u00e9e, le montage facile \u00e0 entretenir se fait directement sur place sans aucun probl\u00e8me. <\/p><p>Si vous avez toutefois besoin d&rsquo;aide pour le montage d&rsquo;installations partiellement ou enti\u00e8rement d\u00e9mont\u00e9es, nos techniciens de service qualifi\u00e9s se tiennent \u00e0 votre disposition. Avec vous, nous optimisons au pr\u00e9alable les configurations des appareils en tenant compte des possibilit\u00e9s d&rsquo;insertion locales &#8211; vous obtenez ainsi toujours la combinaison la plus judicieuse et la plus efficace sur le plan \u00e9conomique entre la livraison des appareils et les co\u00fbts de montage. <\/p><p>Bien entendu, notre service client\u00e8le se fera un plaisir de vous aider pour les mises en service n\u00e9cessaires. Nos collaborateurs\/trices engag\u00e9s et comp\u00e9tents sont toujours \u00e0 vos c\u00f4t\u00e9s avec leurs connaissances techniques et leur enthousiasme. <\/p>\t\t\t\t\t\t\t\t<\/div>\n\t\t\t\t<\/div>\n\t\t\t\t\t<\/div>\n\t\t\t\t<\/div>\n\t\t<div class=\"elementor-element elementor-element-da0529e e-flex e-con-boxed e-con e-child\" data-id=\"da0529e\" data-element_type=\"container\" data-e-type=\"container\">\n\t\t\t\t\t<div class=\"e-con-inner\">\n\t\t\t\t<div class=\"elementor-element elementor-element-2347456 elementor-widget elementor-widget-image\" data-id=\"2347456\" data-element_type=\"widget\" data-e-type=\"widget\" data-widget_type=\"image.default\">\n\t\t\t\t<div class=\"elementor-widget-container\">\n\t\t\t\t\t\t\t\t\t\t\t\t\t\t\t<img fetchpriority=\"high\" decoding=\"async\" width=\"768\" height=\"1024\" src=\"https:\/\/rc-klimatechnik.ch\/wp-content\/uploads\/2025\/08\/Montage-768x1024.jpeg\" class=\"attachment-large size-large wp-image-1893\" alt=\"\" srcset=\"https:\/\/rc-klimatechnik.ch\/wp-content\/uploads\/2025\/08\/Montage-768x1024.jpeg 768w, https:\/\/rc-klimatechnik.ch\/wp-content\/uploads\/2025\/08\/Montage-225x300.jpeg 225w, https:\/\/rc-klimatechnik.ch\/wp-content\/uploads\/2025\/08\/Montage-1152x1536.jpeg 1152w, https:\/\/rc-klimatechnik.ch\/wp-content\/uploads\/2025\/08\/Montage.jpeg 1536w\" sizes=\"(max-width: 768px) 100vw, 768px\" \/>\t\t\t\t\t\t\t\t\t\t\t\t\t\t\t<\/div>\n\t\t\t\t<\/div>\n\t\t\t\t\t<\/div>\n\t\t\t\t<\/div>\n\t\t\t\t\t<\/div>\n\t\t\t\t<\/div>\n\t\t<div class=\"elementor-element elementor-element-c42e11c e-flex e-con-boxed e-con e-parent\" data-id=\"c42e11c\" data-element_type=\"container\" data-e-type=\"container\" id=\"retrofit\" data-settings=\"{&quot;background_background&quot;:&quot;classic&quot;}\">\n\t\t\t\t\t<div class=\"e-con-inner\">\n\t\t<div class=\"elementor-element elementor-element-a7214b7 e-flex e-con-boxed e-con e-child\" data-id=\"a7214b7\" data-element_type=\"container\" data-e-type=\"container\">\n\t\t\t\t\t<div class=\"e-con-inner\">\n\t\t\t\t<div class=\"elementor-element elementor-element-ee28031 elementor-widget elementor-widget-heading\" data-id=\"ee28031\" data-element_type=\"widget\" data-e-type=\"widget\" data-widget_type=\"heading.default\">\n\t\t\t\t<div class=\"elementor-widget-container\">\n\t\t\t\t\t<h2 class=\"elementor-heading-title elementor-size-default\">Retrofit<\/h2>\t\t\t\t<\/div>\n\t\t\t\t<\/div>\n\t\t\t\t<div class=\"elementor-element elementor-element-32ed9ef elementor-widget elementor-widget-text-editor\" data-id=\"32ed9ef\" data-element_type=\"widget\" data-e-type=\"widget\" data-widget_type=\"text-editor.default\">\n\t\t\t\t<div class=\"elementor-widget-container\">\n\t\t\t\t\t\t\t\t\t<p>Nous r\u00e9alisons des solutions retrofit efficaces en rempla\u00e7ant de mani\u00e8re cibl\u00e9e certains composants. Qu&rsquo;il s&rsquo;agisse de ventilateurs, de moteurs, de techniques de r\u00e9gulation ou de syst\u00e8mes de r\u00e9cup\u00e9ration de chaleur ultramodernes, nous nous concentrons sur l&rsquo;optimisation fonctionnelle et \u00e9nerg\u00e9tique des installations de ventilation existantes. <\/p><p>Gr\u00e2ce \u00e0 une grande comp\u00e9tence en mati\u00e8re de syst\u00e8mes et \u00e0 une planification minutieuse, nous int\u00e9grons de nouveaux \u00e9l\u00e9ments avec pr\u00e9cision &#8211; souvent sans interruption de l&rsquo;exploitation et en gardant toujours \u00e0 l&rsquo;esprit votre retour sur investissement maximal.<\/p>\t\t\t\t\t\t\t\t<\/div>\n\t\t\t\t<\/div>\n\t\t\t\t<div class=\"elementor-element elementor-element-7f38d13 elementor-align-left elementor-widget elementor-widget-button\" data-id=\"7f38d13\" data-element_type=\"widget\" data-e-type=\"widget\" data-widget_type=\"button.default\">\n\t\t\t\t<div class=\"elementor-widget-container\">\n\t\t\t\t\t\t\t\t\t<div class=\"elementor-button-wrapper\">\n\t\t\t\t\t<a class=\"elementor-button elementor-button-link elementor-size-sm\" href=\"https:\/\/rc-klimatechnik.ch\/wp-content\/uploads\/2025\/08\/Retrofit-Zertifikat.pdf\" target=\"_blank\">\n\t\t\t\t\t\t<span class=\"elementor-button-content-wrapper\">\n\t\t\t\t\t\t\t\t\t<span class=\"elementor-button-text\">Certificat Ziehl-Abegg<\/span>\n\t\t\t\t\t<\/span>\n\t\t\t\t\t<\/a>\n\t\t\t\t<\/div>\n\t\t\t\t\t\t\t\t<\/div>\n\t\t\t\t<\/div>\n\t\t\t\t\t<\/div>\n\t\t\t\t<\/div>\n\t\t<div class=\"elementor-element elementor-element-9223247 e-flex e-con-boxed e-con e-child\" data-id=\"9223247\" data-element_type=\"container\" data-e-type=\"container\">\n\t\t\t\t\t<div class=\"e-con-inner\">\n\t\t\t\t<div class=\"elementor-element elementor-element-dcebd0b elementor-skin-carousel elementor-pagination-type-bullets elementor-pagination-position-outside elementor-widget elementor-widget-media-carousel\" data-id=\"dcebd0b\" data-element_type=\"widget\" data-e-type=\"widget\" data-settings=\"{&quot;slides_per_view&quot;:&quot;1&quot;,&quot;slides_to_scroll&quot;:&quot;1&quot;,&quot;skin&quot;:&quot;carousel&quot;,&quot;effect&quot;:&quot;slide&quot;,&quot;pagination&quot;:&quot;bullets&quot;,&quot;speed&quot;:500,&quot;autoplay&quot;:&quot;yes&quot;,&quot;autoplay_speed&quot;:5000,&quot;loop&quot;:&quot;yes&quot;,&quot;pause_on_hover&quot;:&quot;yes&quot;,&quot;pause_on_interaction&quot;:&quot;yes&quot;,&quot;space_between&quot;:{&quot;unit&quot;:&quot;px&quot;,&quot;size&quot;:10,&quot;sizes&quot;:[]},&quot;space_between_tablet&quot;:{&quot;unit&quot;:&quot;px&quot;,&quot;size&quot;:10,&quot;sizes&quot;:[]},&quot;space_between_mobile&quot;:{&quot;unit&quot;:&quot;px&quot;,&quot;size&quot;:10,&quot;sizes&quot;:[]}}\" data-widget_type=\"media-carousel.default\">\n\t\t\t\t<div class=\"elementor-widget-container\">\n\t\t\t\t\t\t\t\t\t<div class=\"elementor-swiper\">\n\t\t\t\t\t<div class=\"elementor-main-swiper swiper\" role=\"region\" aria-roledescription=\"carousel\" aria-label=\"Slider\">\n\t\t\t\t<div class=\"swiper-wrapper\">\n\t\t\t\t\t\t\t\t\t\t\t<div class=\"swiper-slide\" role=\"group\" aria-roledescription=\"slide\">\n\t\t\t\t\t\t\t<a href=\"https:\/\/rc-klimatechnik.ch\/wp-content\/uploads\/2025\/08\/Retrofit-1.jpg\" data-elementor-open-lightbox=\"yes\" data-elementor-lightbox-slideshow=\"dcebd0b\" data-e-action-hash=\"#elementor-action%3Aaction%3Dlightbox%26settings%3DeyJpZCI6MTkwMiwidXJsIjoiaHR0cHM6XC9cL3JjLWtsaW1hdGVjaG5pay5jaFwvd3AtY29udGVudFwvdXBsb2Fkc1wvMjAyNVwvMDhcL1JldHJvZml0LTEuanBnIiwic2xpZGVzaG93IjoiZGNlYmQwYiJ9\">\t\t<div class=\"elementor-carousel-image\" role=\"img\" aria-label=\"Retrofit 1\" style=\"background-image: url(&#039;https:\/\/rc-klimatechnik.ch\/wp-content\/uploads\/2025\/08\/Retrofit-1-768x576.jpg&#039;)\">\n\n\t\t\t\n\t\t\t\t\t<\/div>\n\t\t<\/a>\t\t\t\t\t\t<\/div>\n\t\t\t\t\t\t\t\t\t\t\t<div class=\"swiper-slide\" role=\"group\" aria-roledescription=\"slide\">\n\t\t\t\t\t\t\t<a href=\"https:\/\/rc-klimatechnik.ch\/wp-content\/uploads\/2025\/08\/Retrofit-2.jpg\" data-elementor-open-lightbox=\"yes\" data-elementor-lightbox-slideshow=\"dcebd0b\" data-e-action-hash=\"#elementor-action%3Aaction%3Dlightbox%26settings%3DeyJpZCI6MTkwNCwidXJsIjoiaHR0cHM6XC9cL3JjLWtsaW1hdGVjaG5pay5jaFwvd3AtY29udGVudFwvdXBsb2Fkc1wvMjAyNVwvMDhcL1JldHJvZml0LTIuanBnIiwic2xpZGVzaG93IjoiZGNlYmQwYiJ9\">\t\t<div class=\"elementor-carousel-image\" role=\"img\" aria-label=\"Retrofit 2\" style=\"background-image: url(&#039;https:\/\/rc-klimatechnik.ch\/wp-content\/uploads\/2025\/08\/Retrofit-2-768x1024.jpg&#039;)\">\n\n\t\t\t\n\t\t\t\t\t<\/div>\n\t\t<\/a>\t\t\t\t\t\t<\/div>\n\t\t\t\t\t\t\t\t\t<\/div>\n\t\t\t\t\t\t\t\t\t\t\t\t\t\t\t\t\t\t\t\t<div class=\"swiper-pagination\"><\/div>\n\t\t\t\t\t\t\t\t\t\t\t\t<\/div>\n\t\t\t\t<\/div>\n\t\t\t\t\t\t\t\t<\/div>\n\t\t\t\t<\/div>\n\t\t\t\t\t<\/div>\n\t\t\t\t<\/div>\n\t\t\t\t\t<\/div>\n\t\t\t\t<\/div>\n\t\t<div class=\"elementor-element elementor-element-eafca8b e-flex e-con-boxed e-con e-parent\" data-id=\"eafca8b\" data-element_type=\"container\" data-e-type=\"container\" data-settings=\"{&quot;background_background&quot;:&quot;classic&quot;}\">\n\t\t\t\t\t<div class=\"e-con-inner\">\n\t\t<div class=\"elementor-element elementor-element-ab99d4a e-flex e-con-boxed e-con e-child\" data-id=\"ab99d4a\" data-element_type=\"container\" data-e-type=\"container\">\n\t\t\t\t\t<div class=\"e-con-inner\">\n\t\t\t\t<div class=\"elementor-element elementor-element-5305c38 elementor-widget elementor-widget-heading\" data-id=\"5305c38\" data-element_type=\"widget\" data-e-type=\"widget\" data-widget_type=\"heading.default\">\n\t\t\t\t<div class=\"elementor-widget-container\">\n\t\t\t\t\t<h2 class=\"elementor-heading-title elementor-size-default\">Contactez-nous<\/h2>\t\t\t\t<\/div>\n\t\t\t\t<\/div>\n\t\t\t\t<div class=\"elementor-element elementor-element-a80d1a9 elementor-widget elementor-widget-text-editor\" data-id=\"a80d1a9\" data-element_type=\"widget\" data-e-type=\"widget\" data-widget_type=\"text-editor.default\">\n\t\t\t\t<div class=\"elementor-widget-container\">\n\t\t\t\t\t\t\t\t\t<p>Nous nous tenons \u00e0 votre disposition pour une premi\u00e8re discussion sans engagement de votre projet et pour faire personnellement connaissance avec nous.<\/p>\t\t\t\t\t\t\t\t<\/div>\n\t\t\t\t<\/div>\n\t\t\t\t<div class=\"elementor-element elementor-element-84fcdc8 elementor-align-center elementor-widget elementor-widget-button\" data-id=\"84fcdc8\" data-element_type=\"widget\" data-e-type=\"widget\" data-widget_type=\"button.default\">\n\t\t\t\t<div class=\"elementor-widget-container\">\n\t\t\t\t\t\t\t\t\t<div class=\"elementor-button-wrapper\">\n\t\t\t\t\t<a class=\"elementor-button elementor-button-link elementor-size-sm\" href=\"https:\/\/rc-klimatechnik.ch\/fr\/contact\/\">\n\t\t\t\t\t\t<span class=\"elementor-button-content-wrapper\">\n\t\t\t\t\t\t\t\t\t<span class=\"elementor-button-text\">Contact<\/span>\n\t\t\t\t\t<\/span>\n\t\t\t\t\t<\/a>\n\t\t\t\t<\/div>\n\t\t\t\t\t\t\t\t<\/div>\n\t\t\t\t<\/div>\n\t\t\t\t\t<\/div>\n\t\t\t\t<\/div>\n\t\t\t\t\t<\/div>\n\t\t\t\t<\/div>\n\t\t\t\t<\/div>\n\t\t","protected":false},"excerpt":{"rendered":"<p>Nous laissons en fait ce soin \u00e0 nos clients (installateurs de ventilation).Notre personnel de service est toutefois \u00e0 votre disposition pour les travaux de garantie ou les cas sp\u00e9ciaux. Montage Nos prestations ne comprennent pas seulement la planification et la vente, mais aussi le montage professionnel de nos produits. Gr\u00e2ce \u00e0 une technique intelligente et [&hellip;]<\/p>\n","protected":false},"author":1,"featured_media":0,"parent":0,"menu_order":0,"comment_status":"closed","ping_status":"closed","template":"","meta":{"_acf_changed":false,"footnotes":""},"class_list":["post-1336","page","type-page","status-publish","hentry"],"acf":[],"yoast_head":"<!-- This site is optimized with the Yoast SEO plugin v27.3 - https:\/\/yoast.com\/product\/yoast-seo-wordpress\/ -->\n<title>Service \u00e0 la client\u00e8le - RC Klimatechnik<\/title>\n<meta name=\"robots\" content=\"index, follow, max-snippet:-1, max-image-preview:large, max-video-preview:-1\" \/>\n<link rel=\"canonical\" href=\"https:\/\/rc-klimatechnik.ch\/fr\/service\/\" \/>\n<meta property=\"og:locale\" content=\"fr_FR\" \/>\n<meta property=\"og:type\" content=\"article\" \/>\n<meta property=\"og:title\" content=\"Service \u00e0 la client\u00e8le - RC Klimatechnik\" \/>\n<meta property=\"og:description\" content=\"Nous laissons en fait ce soin \u00e0 nos clients (installateurs de ventilation).Notre personnel de service est toutefois \u00e0 votre disposition pour les travaux de garantie ou les cas sp\u00e9ciaux. Montage Nos prestations ne comprennent pas seulement la planification et la vente, mais aussi le montage professionnel de nos produits. Gr\u00e2ce \u00e0 une technique intelligente et [&hellip;]\" \/>\n<meta property=\"og:url\" content=\"https:\/\/rc-klimatechnik.ch\/fr\/service\/\" \/>\n<meta property=\"og:site_name\" content=\"RC Klimatechnik\" \/>\n<meta property=\"article:modified_time\" content=\"2025-08-08T06:50:58+00:00\" \/>\n<meta property=\"og:image\" content=\"https:\/\/rc-klimatechnik.ch\/wp-content\/uploads\/2025\/08\/Montage.jpeg\" \/>\n\t<meta property=\"og:image:width\" content=\"1536\" \/>\n\t<meta property=\"og:image:height\" content=\"2048\" \/>\n\t<meta property=\"og:image:type\" content=\"image\/jpeg\" \/>\n<meta name=\"twitter:card\" content=\"summary_large_image\" \/>\n<meta name=\"twitter:label1\" content=\"Dur\u00e9e de lecture estim\u00e9e\" \/>\n\t<meta name=\"twitter:data1\" content=\"2 minutes\" \/>\n<script type=\"application\/ld+json\" class=\"yoast-schema-graph\">{\"@context\":\"https:\\\/\\\/schema.org\",\"@graph\":[{\"@type\":\"WebPage\",\"@id\":\"https:\\\/\\\/rc-klimatechnik.ch\\\/fr\\\/service\\\/\",\"url\":\"https:\\\/\\\/rc-klimatechnik.ch\\\/fr\\\/service\\\/\",\"name\":\"Service \u00e0 la client\u00e8le - RC Klimatechnik\",\"isPartOf\":{\"@id\":\"https:\\\/\\\/rc-klimatechnik.ch\\\/fr\\\/#website\"},\"primaryImageOfPage\":{\"@id\":\"https:\\\/\\\/rc-klimatechnik.ch\\\/fr\\\/service\\\/#primaryimage\"},\"image\":{\"@id\":\"https:\\\/\\\/rc-klimatechnik.ch\\\/fr\\\/service\\\/#primaryimage\"},\"thumbnailUrl\":\"https:\\\/\\\/rc-klimatechnik.ch\\\/wp-content\\\/uploads\\\/2025\\\/08\\\/Montage-768x1024.jpeg\",\"datePublished\":\"2025-05-16T11:36:49+00:00\",\"dateModified\":\"2025-08-08T06:50:58+00:00\",\"breadcrumb\":{\"@id\":\"https:\\\/\\\/rc-klimatechnik.ch\\\/fr\\\/service\\\/#breadcrumb\"},\"inLanguage\":\"fr-FR\",\"potentialAction\":[{\"@type\":\"ReadAction\",\"target\":[\"https:\\\/\\\/rc-klimatechnik.ch\\\/fr\\\/service\\\/\"]}]},{\"@type\":\"ImageObject\",\"inLanguage\":\"fr-FR\",\"@id\":\"https:\\\/\\\/rc-klimatechnik.ch\\\/fr\\\/service\\\/#primaryimage\",\"url\":\"https:\\\/\\\/rc-klimatechnik.ch\\\/wp-content\\\/uploads\\\/2025\\\/08\\\/Montage-768x1024.jpeg\",\"contentUrl\":\"https:\\\/\\\/rc-klimatechnik.ch\\\/wp-content\\\/uploads\\\/2025\\\/08\\\/Montage-768x1024.jpeg\"},{\"@type\":\"BreadcrumbList\",\"@id\":\"https:\\\/\\\/rc-klimatechnik.ch\\\/fr\\\/service\\\/#breadcrumb\",\"itemListElement\":[{\"@type\":\"ListItem\",\"position\":1,\"name\":\"Startseite\",\"item\":\"https:\\\/\\\/rc-klimatechnik.ch\\\/fr\\\/page-daccueil\\\/\"},{\"@type\":\"ListItem\",\"position\":2,\"name\":\"Service \u00e0 la client\u00e8le\"}]},{\"@type\":\"WebSite\",\"@id\":\"https:\\\/\\\/rc-klimatechnik.ch\\\/fr\\\/#website\",\"url\":\"https:\\\/\\\/rc-klimatechnik.ch\\\/fr\\\/\",\"name\":\"RC Klimatechnik\",\"description\":\"\",\"publisher\":{\"@id\":\"https:\\\/\\\/rc-klimatechnik.ch\\\/fr\\\/#organization\"},\"alternateName\":\"Engineering ohne Kompromisse\",\"potentialAction\":[{\"@type\":\"SearchAction\",\"target\":{\"@type\":\"EntryPoint\",\"urlTemplate\":\"https:\\\/\\\/rc-klimatechnik.ch\\\/fr\\\/?s={search_term_string}\"},\"query-input\":{\"@type\":\"PropertyValueSpecification\",\"valueRequired\":true,\"valueName\":\"search_term_string\"}}],\"inLanguage\":\"fr-FR\"},{\"@type\":\"Organization\",\"@id\":\"https:\\\/\\\/rc-klimatechnik.ch\\\/fr\\\/#organization\",\"name\":\"RC Klimatechnik\",\"alternateName\":\"Engineering ohne Kompromisse\",\"url\":\"https:\\\/\\\/rc-klimatechnik.ch\\\/fr\\\/\",\"logo\":{\"@type\":\"ImageObject\",\"inLanguage\":\"fr-FR\",\"@id\":\"https:\\\/\\\/rc-klimatechnik.ch\\\/fr\\\/#\\\/schema\\\/logo\\\/image\\\/\",\"url\":\"https:\\\/\\\/rc-klimatechnik.ch\\\/wp-content\\\/uploads\\\/2025\\\/08\\\/RC_Klimatechnik_SA.png\",\"contentUrl\":\"https:\\\/\\\/rc-klimatechnik.ch\\\/wp-content\\\/uploads\\\/2025\\\/08\\\/RC_Klimatechnik_SA.png\",\"width\":999,\"height\":184,\"caption\":\"RC Klimatechnik\"},\"image\":{\"@id\":\"https:\\\/\\\/rc-klimatechnik.ch\\\/fr\\\/#\\\/schema\\\/logo\\\/image\\\/\"}}]}<\/script>\n<!-- \/ Yoast SEO plugin. -->","yoast_head_json":{"title":"Service \u00e0 la client\u00e8le - RC Klimatechnik","robots":{"index":"index","follow":"follow","max-snippet":"max-snippet:-1","max-image-preview":"max-image-preview:large","max-video-preview":"max-video-preview:-1"},"canonical":"https:\/\/rc-klimatechnik.ch\/fr\/service\/","og_locale":"fr_FR","og_type":"article","og_title":"Service \u00e0 la client\u00e8le - RC Klimatechnik","og_description":"Nous laissons en fait ce soin \u00e0 nos clients (installateurs de ventilation).Notre personnel de service est toutefois \u00e0 votre disposition pour les travaux de garantie ou les cas sp\u00e9ciaux. Montage Nos prestations ne comprennent pas seulement la planification et la vente, mais aussi le montage professionnel de nos produits. Gr\u00e2ce \u00e0 une technique intelligente et [&hellip;]","og_url":"https:\/\/rc-klimatechnik.ch\/fr\/service\/","og_site_name":"RC Klimatechnik","article_modified_time":"2025-08-08T06:50:58+00:00","og_image":[{"width":1536,"height":2048,"url":"https:\/\/rc-klimatechnik.ch\/wp-content\/uploads\/2025\/08\/Montage.jpeg","type":"image\/jpeg"}],"twitter_card":"summary_large_image","twitter_misc":{"Dur\u00e9e de lecture estim\u00e9e":"2 minutes"},"schema":{"@context":"https:\/\/schema.org","@graph":[{"@type":"WebPage","@id":"https:\/\/rc-klimatechnik.ch\/fr\/service\/","url":"https:\/\/rc-klimatechnik.ch\/fr\/service\/","name":"Service \u00e0 la client\u00e8le - RC Klimatechnik","isPartOf":{"@id":"https:\/\/rc-klimatechnik.ch\/fr\/#website"},"primaryImageOfPage":{"@id":"https:\/\/rc-klimatechnik.ch\/fr\/service\/#primaryimage"},"image":{"@id":"https:\/\/rc-klimatechnik.ch\/fr\/service\/#primaryimage"},"thumbnailUrl":"https:\/\/rc-klimatechnik.ch\/wp-content\/uploads\/2025\/08\/Montage-768x1024.jpeg","datePublished":"2025-05-16T11:36:49+00:00","dateModified":"2025-08-08T06:50:58+00:00","breadcrumb":{"@id":"https:\/\/rc-klimatechnik.ch\/fr\/service\/#breadcrumb"},"inLanguage":"fr-FR","potentialAction":[{"@type":"ReadAction","target":["https:\/\/rc-klimatechnik.ch\/fr\/service\/"]}]},{"@type":"ImageObject","inLanguage":"fr-FR","@id":"https:\/\/rc-klimatechnik.ch\/fr\/service\/#primaryimage","url":"https:\/\/rc-klimatechnik.ch\/wp-content\/uploads\/2025\/08\/Montage-768x1024.jpeg","contentUrl":"https:\/\/rc-klimatechnik.ch\/wp-content\/uploads\/2025\/08\/Montage-768x1024.jpeg"},{"@type":"BreadcrumbList","@id":"https:\/\/rc-klimatechnik.ch\/fr\/service\/#breadcrumb","itemListElement":[{"@type":"ListItem","position":1,"name":"Startseite","item":"https:\/\/rc-klimatechnik.ch\/fr\/page-daccueil\/"},{"@type":"ListItem","position":2,"name":"Service \u00e0 la client\u00e8le"}]},{"@type":"WebSite","@id":"https:\/\/rc-klimatechnik.ch\/fr\/#website","url":"https:\/\/rc-klimatechnik.ch\/fr\/","name":"RC Klimatechnik","description":"","publisher":{"@id":"https:\/\/rc-klimatechnik.ch\/fr\/#organization"},"alternateName":"Engineering ohne Kompromisse","potentialAction":[{"@type":"SearchAction","target":{"@type":"EntryPoint","urlTemplate":"https:\/\/rc-klimatechnik.ch\/fr\/?s={search_term_string}"},"query-input":{"@type":"PropertyValueSpecification","valueRequired":true,"valueName":"search_term_string"}}],"inLanguage":"fr-FR"},{"@type":"Organization","@id":"https:\/\/rc-klimatechnik.ch\/fr\/#organization","name":"RC Klimatechnik","alternateName":"Engineering ohne Kompromisse","url":"https:\/\/rc-klimatechnik.ch\/fr\/","logo":{"@type":"ImageObject","inLanguage":"fr-FR","@id":"https:\/\/rc-klimatechnik.ch\/fr\/#\/schema\/logo\/image\/","url":"https:\/\/rc-klimatechnik.ch\/wp-content\/uploads\/2025\/08\/RC_Klimatechnik_SA.png","contentUrl":"https:\/\/rc-klimatechnik.ch\/wp-content\/uploads\/2025\/08\/RC_Klimatechnik_SA.png","width":999,"height":184,"caption":"RC Klimatechnik"},"image":{"@id":"https:\/\/rc-klimatechnik.ch\/fr\/#\/schema\/logo\/image\/"}}]}},"_links":{"self":[{"href":"https:\/\/rc-klimatechnik.ch\/fr\/wp-json\/wp\/v2\/pages\/1336","targetHints":{"allow":["GET"]}}],"collection":[{"href":"https:\/\/rc-klimatechnik.ch\/fr\/wp-json\/wp\/v2\/pages"}],"about":[{"href":"https:\/\/rc-klimatechnik.ch\/fr\/wp-json\/wp\/v2\/types\/page"}],"author":[{"embeddable":true,"href":"https:\/\/rc-klimatechnik.ch\/fr\/wp-json\/wp\/v2\/users\/1"}],"replies":[{"embeddable":true,"href":"https:\/\/rc-klimatechnik.ch\/fr\/wp-json\/wp\/v2\/comments?post=1336"}],"version-history":[{"count":10,"href":"https:\/\/rc-klimatechnik.ch\/fr\/wp-json\/wp\/v2\/pages\/1336\/revisions"}],"predecessor-version":[{"id":1989,"href":"https:\/\/rc-klimatechnik.ch\/fr\/wp-json\/wp\/v2\/pages\/1336\/revisions\/1989"}],"wp:attachment":[{"href":"https:\/\/rc-klimatechnik.ch\/fr\/wp-json\/wp\/v2\/media?parent=1336"}],"curies":[{"name":"wp","href":"https:\/\/api.w.org\/{rel}","templated":true}]}}